{"id":29943,"date":"2026-02-13T09:35:34","date_gmt":"2026-02-13T09:35:34","guid":{"rendered":"https:\/\/uelisc.novagram.com\/?page_id=29943"},"modified":"2026-02-27T09:09:24","modified_gmt":"2026-02-27T09:09:24","slug":"mau-don-dang-ky","status":"publish","type":"page","link":"https:\/\/isc.londonmet.ac.uk\/vi\/application-form\/","title":{"rendered":"N\u1ed9p \u0111\u01a1n ngay"},"content":{"rendered":"<div data-elementor-type=\"wp-page\" data-elementor-id=\"29943\" class=\"elementor elementor-29943\" data-elementor-post-type=\"page\">\n\t\t\t\t<div class=\"elementor-element elementor-element-60922451 body-header-small e-flex e-con-boxed translate-yes e-con e-parent\" data-id=\"60922451\" data-element_type=\"container\" data-e-type=\"container\" data-settings=\"{&quot;background_background&quot;:&quot;classic&quot;}\">\n\t\t\t\t\t<div class=\"e-con-inner\">\n\t\t\t\t<div class=\"elementor-element elementor-element-3ec6b38a section-style-coral elementor-widget elementor-widget-Section settings\" data-id=\"3ec6b38a\" data-element_type=\"widget\" data-e-type=\"widget\" data-widget_type=\"Section settings.default\">\n\t\t\t\t<div class=\"elementor-widget-container\">\n\t\t\t\t\t\t\t\t\t\t\t<\/div>\n\t\t\t\t<\/div>\n\t\t<div class=\"elementor-element elementor-element-4ef6c209 e-con-full e-flex translate-yes e-con e-child\" data-id=\"4ef6c209\" data-element_type=\"container\" data-e-type=\"container\">\n\t\t<div class=\"elementor-element elementor-element-384b5a57 e-con-full e-flex translate-yes e-con e-child\" data-id=\"384b5a57\" data-element_type=\"container\" data-e-type=\"container\">\n\t\t\t\t<div class=\"elementor-element elementor-element-2d197140 elementor-widget elementor-widget-heading\" data-id=\"2d197140\" data-element_type=\"widget\" data-e-type=\"widget\" data-widget_type=\"heading.default\">\n\t\t\t\t<div class=\"elementor-widget-container\">\n\t\t\t\t\t<h2 class=\"elementor-heading-title elementor-size-default\">M\u1eabu \u0111\u01a1n \u0111\u0103ng k\u00fd d\u00e0nh cho sinh vi\u00ean<\/h2>\t\t\t\t<\/div>\n\t\t\t\t<\/div>\n\t\t\t\t<div class=\"elementor-element elementor-element-32a81bcd elementor-widget elementor-widget-text-editor\" data-id=\"32a81bcd\" data-element_type=\"widget\" data-e-type=\"widget\" data-widget_type=\"text-editor.default\">\n\t\t\t\t<div class=\"elementor-widget-container\">\n\t\t\t\t\t\t\t\t\t<p>\u0110\u1ec3 \u0111\u0103ng k\u00fd m\u1ed9t trong c\u00e1c ch\u01b0\u01a1ng tr\u00ecnh h\u1ecdc c\u1ee7a ch\u00fang t\u00f4i, vui l\u00f2ng \u0111i\u1ec1n v\u00e0o m\u1eabu \u0111\u01a1n \u0111\u0103ng k\u00fd tr\u1ef1c tuy\u1ebfn. M\u1eabu \u0111\u01a1n s\u1ebd y\u00eau c\u1ea7u b\u1ea1n tr\u1ea3 l\u1eddi m\u1ed9t s\u1ed1 c\u00e2u h\u1ecfi c\u01a1 b\u1ea3n, bao g\u1ed3m th\u00f4ng tin c\u00e1 nh\u00e2n, ch\u01b0\u01a1ng tr\u00ecnh b\u1ea1n mong mu\u1ed1n v\u00e0 qu\u00e1 tr\u00ecnh h\u1ecdc t\u1eadp c\u1ee7a b\u1ea1n.<\/p>\t\t\t\t\t\t\t\t<\/div>\n\t\t\t\t<\/div>\n\t\t<div class=\"elementor-element elementor-element-dcef5b e-con-full e-flex translate-yes e-con e-child\" data-id=\"dcef5b\" data-element_type=\"container\" data-e-type=\"container\">\n\t\t\t\t<div class=\"elementor-element elementor-element-514bf9a0 elementor-widget elementor-widget-button\" data-id=\"514bf9a0\" data-element_type=\"widget\" data-e-type=\"widget\" data-widget_type=\"button.default\">\n\t\t\t\t<div class=\"elementor-widget-container\">\n\t\t\t\t\t\t\t\t\t<div class=\"elementor-button-wrapper\">\n\t\t\t\t\t<a class=\"elementor-button elementor-button-link elementor-size-sm\" href=\"https:\/\/isc.londonmet.ac.uk\/vi\/chuong-trinh-cua-chung-toi\/\">\n\t\t\t\t\t\t<span class=\"elementor-button-content-wrapper\">\n\t\t\t\t\t\t\t\t\t<span class=\"elementor-button-text\">Ch\u01b0\u01a1ng tr\u00ecnh c\u1ee7a ch\u00fang t\u00f4i<\/span>\n\t\t\t\t\t<\/span>\n\t\t\t\t\t<\/a>\n\t\t\t\t<\/div>\n\t\t\t\t\t\t\t\t<\/div>\n\t\t\t\t<\/div>\n\t\t\t\t<div class=\"elementor-element elementor-element-a003ecf elementor-widget elementor-widget-button\" data-id=\"a003ecf\" data-element_type=\"widget\" data-e-type=\"widget\" data-widget_type=\"button.default\">\n\t\t\t\t<div class=\"elementor-widget-container\">\n\t\t\t\t\t\t\t\t\t<div class=\"elementor-button-wrapper\">\n\t\t\t\t\t<a class=\"elementor-button elementor-button-link elementor-size-sm\" href=\"https:\/\/isc.londonmet.ac.uk\/vi\/lien-he-voi-chung-toi\/\">\n\t\t\t\t\t\t<span class=\"elementor-button-content-wrapper\">\n\t\t\t\t\t\t\t\t\t<span class=\"elementor-button-text\">Li\u00ean h\u1ec7 v\u1edbi ch\u00fang t\u00f4i<\/span>\n\t\t\t\t\t<\/span>\n\t\t\t\t\t<\/a>\n\t\t\t\t<\/div>\n\t\t\t\t\t\t\t\t<\/div>\n\t\t\t\t<\/div>\n\t\t\t\t<\/div>\n\t\t\t\t<\/div>\n\t\t\t\t<\/div>\n\t\t\t\t\t<\/div>\n\t\t\t\t<\/div>\n\t\t<div class=\"elementor-element elementor-element-7af3fd1d body-text-1col e-grid e-con-boxed translate-yes e-con e-parent\" data-id=\"7af3fd1d\" data-element_type=\"container\" data-e-type=\"container\">\n\t\t\t\t\t<div class=\"e-con-inner\">\n\t\t<div class=\"elementor-element elementor-element-6e315790 e-con-full e-flex translate-yes e-con e-child\" data-id=\"6e315790\" data-element_type=\"container\" data-e-type=\"container\">\n\t\t\t\t<div class=\"elementor-element elementor-element-6c8f9e73 elementor-widget elementor-widget-text-editor\" data-id=\"6c8f9e73\" data-element_type=\"widget\" data-e-type=\"widget\" data-widget_type=\"text-editor.default\">\n\t\t\t\t<div class=\"elementor-widget-container\">\n\t\t\t\t\t\t\t\t\t<p><span data-teams=\"true\">Sau khi \u0111i\u1ec1n v\u00e0o bi\u1ec3u m\u1eabu d\u01b0\u1edbi \u0111\u00e2y, qu\u00fd v\u1ecb s\u1ebd \u0111\u01b0\u1ee3c chuy\u1ec3n \u0111\u1ebfn c\u1ed5ng th\u00f4ng tin d\u00e0nh cho \u1ee9ng vi\u00ean, n\u01a1i qu\u00fd v\u1ecb c\u00f3 th\u1ec3 t\u1ea3i l\u00ean c\u00e1c t\u00e0i li\u1ec7u k\u00e8m theo nh\u01b0 b\u1ea3ng \u0111i\u1ec3m, ch\u1ee9ng ch\u1ec9 ti\u1ebfng Anh, b\u1ea3n sao h\u1ed9 chi\u1ebfu, v.v. N\u1ebfu hi\u1ec7n t\u1ea1i qu\u00fd v\u1ecb ch\u01b0a c\u00f3 c\u00e1c t\u00e0i li\u1ec7u n\u00e0y, qu\u00fd v\u1ecb v\u1eabn c\u00f3 th\u1ec3 g\u1eedi bi\u1ec3u m\u1eabu m\u00e0 kh\u00f4ng c\u1ea7n \u0111\u00ednh k\u00e8m v\u00e0 cung c\u1ea5p sau. \u0110\u1ed9i ng\u0169 tuy\u1ec3n sinh c\u1ee7a ch\u00fang t\u00f4i s\u1ebd th\u00f4ng b\u00e1o n\u1ebfu c\u00f2n thi\u1ebfu b\u1ea5t k\u1ef3 t\u00e0i li\u1ec7u n\u00e0o c\u1ea7n thi\u1ebft \u0111\u1ec3 x\u1eed l\u00fd h\u1ed3 s\u01a1 c\u1ee7a qu\u00fd v\u1ecb.<\/span><\/p><p>Vui l\u00f2ng \u0111i\u1ec1n \u0111\u1ea7y \u0111\u1ee7 c\u00e1c m\u1ee5c trong m\u1eabu \u0111\u01a1n n\u00e0y. \u0110\u1ed9i ng\u0169 Tuy\u1ec3n sinh c\u1ee7a ch\u00fang t\u00f4i s\u1ebd xem x\u00e9t h\u1ed3 s\u01a1 c\u1ee7a b\u1ea1n v\u00e0 li\u00ean h\u1ec7 v\u1edbi b\u1ea1n trong th\u1eddi gian s\u1edbm nh\u1ea5t.<\/p>\t\t\t\t\t\t\t\t<\/div>\n\t\t\t\t<\/div>\n\t\t\t\t<\/div>\n\t\t\t\t\t<\/div>\n\t\t\t\t<\/div>\n\t\t<div class=\"elementor-element elementor-element-604deb9 e-flex e-con-boxed translate-yes e-con e-parent\" data-id=\"604deb9\" data-element_type=\"container\" data-e-type=\"container\">\n\t\t\t\t\t<div class=\"e-con-inner\">\n\t\t\t\t<div class=\"elementor-element elementor-element-2cafbee elementor-widget elementor-widget-html\" data-id=\"2cafbee\" data-element_type=\"widget\" data-e-type=\"widget\" data-widget_type=\"html.default\">\n\t\t\t\t<div class=\"elementor-widget-container\">\n\t\t\t\t\t<script type=\"text\/javascript\" src=\"https:\/\/cdnjs.cloudflare.com\/ajax\/libs\/jquery\/2.2.4\/jquery.min.js\" integrity=\"sha256-BbhdlvQf\/xTY9gja0Dq3HiwQF8LaCRTXxZKRutelT44=\" crossorigin=\"anonymous\"><\/script>\n<script type=\"text\/javascript\" src=\"https:\/\/forms.student-crm.com\/js\/iframeResizer.min.js\"><\/script>\n<script type=\"text\/javascript\" src=\"https:\/\/forms.student-crm.com\/js\/utmExtract.js\"><\/script>\n<script>$(document).ready(function(){let WFMurl = 'https:\/\/forms.student-crm.com\/Forms\/view\/c6705e27-f685-4674-a063-52984b26d816';extra = wfmUtmExtract(window.location.search);if (extra.length) {WFMurl += '?' + extra;}$(\"#WFM_28486_15\").iFrameResize({checkOrigin:false}).attr('src', WFMurl);});<\/script>\n<iframe src=\"\" scrolling=\"auto\" seamless=\"seamless\" frameborder=\"0\" marginheight=\"0\" marginwidth=\"0\" style=\"margin:0px;border:0px;padding:0px;display:block;\" width=\"100%\" id=\"WFM_28486_15\"><\/iframe>\t\t\t\t<\/div>\n\t\t\t\t<\/div>\n\t\t\t\t\t<\/div>\n\t\t\t\t<\/div>\n\t\t\t\t<\/div>","protected":false},"excerpt":{"rendered":"<p>Student application form To apply for one of our study programmes, complete our online application form. The form will ask you some basic questions including your personal details, preferred programme and your education history. Our programmes Contact us After you fill out the below form we\u2019ll take you to the applicant portal where you can [&hellip;]<\/p>\n","protected":false},"author":7,"featured_media":0,"parent":0,"menu_order":0,"comment_status":"closed","ping_status":"closed","template":"","meta":{"_acf_changed":false,"footnotes":""},"class_list":["post-29943","page","type-page","status-publish","hentry"],"acf":[],"yoast_head":"<!-- This site is optimized with the Yoast SEO plugin v27.5 - https:\/\/yoast.com\/product\/yoast-seo-wordpress\/ -->\n<title>Apply to London Metropolitan University ISC<\/title>\n<meta name=\"description\" content=\"Begin your application to study at London Metropolitan University ISC and take the next step towards your degree in London.\" \/>\n<meta name=\"robots\" content=\"index, follow, max-snippet:-1, max-image-preview:large, max-video-preview:-1\" \/>\n<link rel=\"canonical\" href=\"https:\/\/isc.londonmet.ac.uk\/vi\/mau-don-dang-ky\/\" \/>\n<meta property=\"og:locale\" content=\"vi_VN\" \/>\n<meta property=\"og:type\" content=\"article\" \/>\n<meta property=\"og:title\" content=\"Apply to London Metropolitan University ISC\" \/>\n<meta property=\"og:description\" content=\"Begin your application to study at London Metropolitan University ISC and take the next step towards your degree in London.\" \/>\n<meta property=\"og:url\" content=\"https:\/\/isc.londonmet.ac.uk\/vi\/mau-don-dang-ky\/\" \/>\n<meta property=\"og:site_name\" content=\"London Metropolitan University Study Centre\" \/>\n<meta property=\"article:modified_time\" content=\"2026-02-27T09:09:24+00:00\" \/>\n<meta property=\"og:image\" content=\"https:\/\/8d4250430138cef3ae46.b-cdn.net\/wp-content\/uploads\/sites\/21\/2026\/03\/LMU-Social-Fallback-1.png\" \/>\n\t<meta property=\"og:image:width\" content=\"1200\" \/>\n\t<meta property=\"og:image:height\" content=\"675\" \/>\n\t<meta property=\"og:image:type\" content=\"image\/png\" \/>\n<meta name=\"twitter:card\" content=\"summary_large_image\" \/>\n<meta name=\"twitter:label1\" content=\"Est. reading time\" \/>\n\t<meta name=\"twitter:data1\" content=\"1 minute\" \/>\n<script type=\"application\/ld+json\" class=\"yoast-schema-graph\">{\"@context\":\"https:\\\/\\\/schema.org\",\"@graph\":[{\"@type\":\"WebPage\",\"@id\":\"https:\\\/\\\/isc.londonmet.ac.uk\\\/application-form\\\/\",\"url\":\"https:\\\/\\\/isc.londonmet.ac.uk\\\/application-form\\\/\",\"name\":\"Apply to London Metropolitan University ISC\",\"isPartOf\":{\"@id\":\"https:\\\/\\\/isc.londonmet.ac.uk\\\/#website\"},\"datePublished\":\"2026-02-13T09:35:34+00:00\",\"dateModified\":\"2026-02-27T09:09:24+00:00\",\"description\":\"Begin your application to study at London Metropolitan University ISC and take the next step towards your degree in London.\",\"breadcrumb\":{\"@id\":\"https:\\\/\\\/isc.londonmet.ac.uk\\\/application-form\\\/#breadcrumb\"},\"inLanguage\":\"vi\",\"potentialAction\":[{\"@type\":\"ReadAction\",\"target\":[\"https:\\\/\\\/isc.londonmet.ac.uk\\\/application-form\\\/\"]}]},{\"@type\":\"BreadcrumbList\",\"@id\":\"https:\\\/\\\/isc.londonmet.ac.uk\\\/application-form\\\/#breadcrumb\",\"itemListElement\":[{\"@type\":\"ListItem\",\"position\":1,\"name\":\"Home\",\"item\":\"https:\\\/\\\/isc.londonmet.ac.uk\\\/\"},{\"@type\":\"ListItem\",\"position\":2,\"name\":\"Apply now\"}]},{\"@type\":\"WebSite\",\"@id\":\"https:\\\/\\\/isc.londonmet.ac.uk\\\/#website\",\"url\":\"https:\\\/\\\/isc.londonmet.ac.uk\\\/\",\"name\":\"NCUK Study Centre\",\"description\":\"\",\"alternateName\":\"NCUK Study Centre\",\"potentialAction\":[{\"@type\":\"SearchAction\",\"target\":{\"@type\":\"EntryPoint\",\"urlTemplate\":\"https:\\\/\\\/isc.londonmet.ac.uk\\\/?s={search_term_string}\"},\"query-input\":{\"@type\":\"PropertyValueSpecification\",\"valueRequired\":true,\"valueName\":\"search_term_string\"}}],\"inLanguage\":\"vi\"}]}<\/script>\n<!-- \/ Yoast SEO plugin. -->","yoast_head_json":{"title":"\u0110\u0103ng k\u00fd v\u00e0o Trung t\u00e2m Ng\u00f4n ng\u1eef Qu\u1ed1c t\u1ebf (ISC) c\u1ee7a \u0110\u1ea1i h\u1ecdc London Metropolitan","description":"H\u00e3y b\u1eaft \u0111\u1ea7u n\u1ed9p \u0111\u01a1n \u0111\u0103ng k\u00fd h\u1ecdc t\u1ea1i London Metropolitan University ISC v\u00e0 ti\u1ebfn th\u00eam m\u1ed9t b\u01b0\u1edbc n\u1eefa tr\u00ean con \u0111\u01b0\u1eddng chinh ph\u1ee5c b\u1eb1ng c\u1ea5p t\u1ea1i London.","robots":{"index":"index","follow":"follow","max-snippet":"max-snippet:-1","max-image-preview":"max-image-preview:large","max-video-preview":"max-video-preview:-1"},"canonical":"https:\/\/isc.londonmet.ac.uk\/vi\/mau-don-dang-ky\/","og_locale":"vi_VN","og_type":"article","og_title":"Apply to London Metropolitan University ISC","og_description":"Begin your application to study at London Metropolitan University ISC and take the next step towards your degree in London.","og_url":"https:\/\/isc.londonmet.ac.uk\/vi\/mau-don-dang-ky\/","og_site_name":"London Metropolitan University Study Centre","article_modified_time":"2026-02-27T09:09:24+00:00","og_image":[{"width":1200,"height":675,"url":"https:\/\/8d4250430138cef3ae46.b-cdn.net\/wp-content\/uploads\/sites\/21\/2026\/03\/LMU-Social-Fallback-1.png","type":"image\/png"}],"twitter_card":"summary_large_image","twitter_misc":{"Est. reading time":"1 minute"},"schema":{"@context":"https:\/\/schema.org","@graph":[{"@type":"WebPage","@id":"https:\/\/isc.londonmet.ac.uk\/application-form\/","url":"https:\/\/isc.londonmet.ac.uk\/application-form\/","name":"\u0110\u0103ng k\u00fd v\u00e0o Trung t\u00e2m Ng\u00f4n ng\u1eef Qu\u1ed1c t\u1ebf (ISC) c\u1ee7a \u0110\u1ea1i h\u1ecdc London Metropolitan","isPartOf":{"@id":"https:\/\/isc.londonmet.ac.uk\/#website"},"datePublished":"2026-02-13T09:35:34+00:00","dateModified":"2026-02-27T09:09:24+00:00","description":"H\u00e3y b\u1eaft \u0111\u1ea7u n\u1ed9p \u0111\u01a1n \u0111\u0103ng k\u00fd h\u1ecdc t\u1ea1i London Metropolitan University ISC v\u00e0 ti\u1ebfn th\u00eam m\u1ed9t b\u01b0\u1edbc n\u1eefa tr\u00ean con \u0111\u01b0\u1eddng chinh ph\u1ee5c b\u1eb1ng c\u1ea5p t\u1ea1i London.","breadcrumb":{"@id":"https:\/\/isc.londonmet.ac.uk\/application-form\/#breadcrumb"},"inLanguage":"vi","potentialAction":[{"@type":"ReadAction","target":["https:\/\/isc.londonmet.ac.uk\/application-form\/"]}]},{"@type":"BreadcrumbList","@id":"https:\/\/isc.londonmet.ac.uk\/application-form\/#breadcrumb","itemListElement":[{"@type":"ListItem","position":1,"name":"Home","item":"https:\/\/isc.londonmet.ac.uk\/"},{"@type":"ListItem","position":2,"name":"Apply now"}]},{"@type":"WebSite","@id":"https:\/\/isc.londonmet.ac.uk\/#website","url":"https:\/\/isc.londonmet.ac.uk\/","name":"Trung t\u00e2m nghi\u00ean c\u1ee9u NCUK","description":"","alternateName":"NCUK Study Centre","potentialAction":[{"@type":"SearchAction","target":{"@type":"EntryPoint","urlTemplate":"https:\/\/isc.londonmet.ac.uk\/?s={search_term_string}"},"query-input":{"@type":"PropertyValueSpecification","valueRequired":true,"valueName":"search_term_string"}}],"inLanguage":"vi"}]}},"_links":{"self":[{"href":"https:\/\/isc.londonmet.ac.uk\/vi\/wp-json\/wp\/v2\/pages\/29943","targetHints":{"allow":["GET"]}}],"collection":[{"href":"https:\/\/isc.londonmet.ac.uk\/vi\/wp-json\/wp\/v2\/pages"}],"about":[{"href":"https:\/\/isc.londonmet.ac.uk\/vi\/wp-json\/wp\/v2\/types\/page"}],"author":[{"embeddable":true,"href":"https:\/\/isc.londonmet.ac.uk\/vi\/wp-json\/wp\/v2\/users\/7"}],"replies":[{"embeddable":true,"href":"https:\/\/isc.londonmet.ac.uk\/vi\/wp-json\/wp\/v2\/comments?post=29943"}],"version-history":[{"count":28,"href":"https:\/\/isc.londonmet.ac.uk\/vi\/wp-json\/wp\/v2\/pages\/29943\/revisions"}],"predecessor-version":[{"id":43933,"href":"https:\/\/isc.londonmet.ac.uk\/vi\/wp-json\/wp\/v2\/pages\/29943\/revisions\/43933"}],"wp:attachment":[{"href":"https:\/\/isc.londonmet.ac.uk\/vi\/wp-json\/wp\/v2\/media?parent=29943"}],"curies":[{"name":"wp","href":"https:\/\/api.w.org\/{rel}","templated":true}]}}