{"id":32473,"date":"2026-02-13T09:35:34","date_gmt":"2026-02-13T09:35:34","guid":{"rendered":"http:\/\/isc.londonmet.ac.uk\/?page_id=32473"},"modified":"2026-03-18T16:19:43","modified_gmt":"2026-03-18T16:19:43","slug":"chung-ta-la-ai","status":"publish","type":"page","link":"https:\/\/isc.londonmet.ac.uk\/vi\/who-we-are\/","title":{"rendered":"Ch\u00fang t\u00f4i l\u00e0 ai"},"content":{"rendered":"<div data-elementor-type=\"wp-page\" data-elementor-id=\"32473\" class=\"elementor elementor-32473\" data-elementor-post-type=\"page\">\n\t\t\t\t<div class=\"elementor-element elementor-element-3ed339c body-header-small e-flex e-con-boxed translate-yes e-con e-parent\" data-id=\"3ed339c\" data-element_type=\"container\" data-e-type=\"container\" data-settings=\"{&quot;background_background&quot;:&quot;classic&quot;}\">\n\t\t\t\t\t<div class=\"e-con-inner\">\n\t\t\t\t<div class=\"elementor-element elementor-element-c29bd84 section-style-emerald elementor-widget elementor-widget-Section settings\" data-id=\"c29bd84\" data-element_type=\"widget\" data-e-type=\"widget\" data-widget_type=\"Section settings.default\">\n\t\t\t\t<div class=\"elementor-widget-container\">\n\t\t\t\t\t\t\t\t\t\t\t<\/div>\n\t\t\t\t<\/div>\n\t\t<div class=\"elementor-element elementor-element-5dbbc0b7 e-con-full e-flex translate-yes e-con e-child\" data-id=\"5dbbc0b7\" data-element_type=\"container\" data-e-type=\"container\">\n\t\t<div class=\"elementor-element elementor-element-46334f52 e-con-full e-flex translate-yes e-con e-child\" data-id=\"46334f52\" data-element_type=\"container\" data-e-type=\"container\">\n\t\t\t\t<div class=\"elementor-element elementor-element-e304927 elementor-widget elementor-widget-heading\" data-id=\"e304927\" data-element_type=\"widget\" data-e-type=\"widget\" data-widget_type=\"heading.default\">\n\t\t\t\t<div class=\"elementor-widget-container\">\n\t\t\t\t\t<h1 class=\"elementor-heading-title elementor-size-default\">V\u1ec1 Tr\u01b0\u1eddng Qu\u1ed1c t\u1ebf London Metropolitan University ISC<\/h1>\t\t\t\t<\/div>\n\t\t\t\t<\/div>\n\t\t\t\t<div class=\"elementor-element elementor-element-7db50790 elementor-widget elementor-widget-text-editor\" data-id=\"7db50790\" data-element_type=\"widget\" data-e-type=\"widget\" data-widget_type=\"text-editor.default\">\n\t\t\t\t<div class=\"elementor-widget-container\">\n\t\t\t\t\t\t\t\t\t<p>Trung t\u00e2m ISC c\u1ee7a \u0110\u1ea1i h\u1ecdc London Metropolitan do Malvern HE Partnerships, m\u1ed9t \u0111\u01a1n v\u1ecb tr\u1ef1c thu\u1ed9c Malvern International, qu\u1ea3n l\u00fd.\u00a0<\/p>\t\t\t\t\t\t\t\t<\/div>\n\t\t\t\t<\/div>\n\t\t<div class=\"elementor-element elementor-element-7cb06a02 e-con-full e-flex translate-yes e-con e-child\" data-id=\"7cb06a02\" data-element_type=\"container\" data-e-type=\"container\">\n\t\t\t\t<div class=\"elementor-element elementor-element-8d6c592 elementor-align-left elementor-widget elementor-widget-button\" data-id=\"8d6c592\" data-element_type=\"widget\" data-e-type=\"widget\" data-widget_type=\"button.default\">\n\t\t\t\t<div class=\"elementor-widget-container\">\n\t\t\t\t\t\t\t\t\t<div class=\"elementor-button-wrapper\">\n\t\t\t\t\t<a class=\"elementor-button elementor-button-link elementor-size-sm\" href=\"https:\/\/he.malverninternational.com\/\" target=\"_blank\">\n\t\t\t\t\t\t<span class=\"elementor-button-content-wrapper\">\n\t\t\t\t\t\t\t\t\t<span class=\"elementor-button-text\">\u0110i \u0111\u1ebfn Malvern HE Partnerships<\/span>\n\t\t\t\t\t<\/span>\n\t\t\t\t\t<\/a>\n\t\t\t\t<\/div>\n\t\t\t\t\t\t\t\t<\/div>\n\t\t\t\t<\/div>\n\t\t\t\t<div class=\"elementor-element elementor-element-ee46f08 elementor-align-left elementor-widget elementor-widget-button\" data-id=\"ee46f08\" data-element_type=\"widget\" data-e-type=\"widget\" data-widget_type=\"button.default\">\n\t\t\t\t<div class=\"elementor-widget-container\">\n\t\t\t\t\t\t\t\t\t<div class=\"elementor-button-wrapper\">\n\t\t\t\t\t<a class=\"elementor-button elementor-button-link elementor-size-sm\" href=\"https:\/\/isc.londonmet.ac.uk\/vi\/gioi-thieu-ve-dai-hoc-london-metropolitan\/\">\n\t\t\t\t\t\t<span class=\"elementor-button-content-wrapper\">\n\t\t\t\t\t\t\t\t\t<span class=\"elementor-button-text\">V\u1ec1 \u0110\u1ea1i h\u1ecdc London Metropolitan<\/span>\n\t\t\t\t\t<\/span>\n\t\t\t\t\t<\/a>\n\t\t\t\t<\/div>\n\t\t\t\t\t\t\t\t<\/div>\n\t\t\t\t<\/div>\n\t\t\t\t<\/div>\n\t\t\t\t<\/div>\n\t\t\t\t<\/div>\n\t\t\t\t\t<\/div>\n\t\t\t\t<\/div>\n\t\t<div class=\"elementor-element elementor-element-481b69e body-text-1col e-grid e-con-boxed translate-yes e-con e-parent\" data-id=\"481b69e\" data-element_type=\"container\" data-e-type=\"container\">\n\t\t\t\t\t<div class=\"e-con-inner\">\n\t\t<div class=\"elementor-element elementor-element-84b446a e-con-full e-flex translate-yes e-con e-child\" data-id=\"84b446a\" data-element_type=\"container\" data-e-type=\"container\">\n\t\t\t\t<div class=\"elementor-element elementor-element-37ab5013 elementor-widget elementor-widget-heading\" data-id=\"37ab5013\" data-element_type=\"widget\" data-e-type=\"widget\" data-widget_type=\"heading.default\">\n\t\t\t\t<div class=\"elementor-widget-container\">\n\t\t\t\t\t<h2 class=\"elementor-heading-title elementor-size-default\">Ch\u00fang t\u00f4i l\u00e0 ai<\/h2>\t\t\t\t<\/div>\n\t\t\t\t<\/div>\n\t\t\t\t<div class=\"elementor-element elementor-element-1e45ba1d elementor-widget elementor-widget-text-editor\" data-id=\"1e45ba1d\" data-element_type=\"widget\" data-e-type=\"widget\" data-widget_type=\"text-editor.default\">\n\t\t\t\t<div class=\"elementor-widget-container\">\n\t\t\t\t\t\t\t\t\t<p data-start=\"226\" data-end=\"484\">Ch\u00fang t\u00f4i l\u00e0 <a href=\"https:\/\/he.malverninternational.com\/\" target=\"_blank\" rel=\"noopener\">Quan h\u1ec7 \u0111\u1ed1i t\u00e1c Malvern HE (MHEP)<\/a>, m\u1ed9t ph\u1ea7n c\u1ee7a <a href=\"https:\/\/malverninternational.com\/\" target=\"_blank\" rel=\"noopener\">Malvern Qu\u1ed1c t\u1ebf<\/a>, v\u00e0 ch\u00fang t\u00f4i h\u1ee3p t\u00e1c v\u1edbi \u0110\u1ea1i h\u1ecdc London Metropolitan \u0111\u1ec3 cung c\u1ea5p tr\u1ea3i nghi\u1ec7m ngay t\u1ea1i khu\u00f4n vi\u00ean tr\u01b0\u1eddng cho sinh vi\u00ean theo h\u1ecdc c\u00e1c ch\u01b0\u01a1ng tr\u00ecnh d\u1ef1 b\u1ecb. Tr\u1ecdng t\u00e2m trong m\u1ed1i quan h\u1ec7 \u0111\u1ed1i t\u00e1c c\u1ee7a ch\u00fang t\u00f4i l\u00e0 vi\u1ec7c \u0111\u1ea3m b\u1ea3o m\u1ecdi sinh vi\u00ean \u0111\u1ec1u c\u00f3 c\u01a1 h\u1ed9i h\u1ecdc t\u1eadp xu\u1ea5t s\u1eafc trong m\u1ed9t m\u00f4i tr\u01b0\u1eddng h\u1ed7 tr\u1ee3, \u0111\u01b0\u1ee3c ti\u1ebfp c\u1eadn c\u00e1c c\u01a1 s\u1edf v\u1eadt ch\u1ea5t c\u1ee7a tr\u01b0\u1eddng \u0111\u1ea1i h\u1ecdc ngay t\u1eeb ng\u00e0y \u0111\u1ea7u ti\u00ean h\u1ecd theo h\u1ecdc ch\u01b0\u01a1ng tr\u00ecnh c\u1ee7a ch\u00fang t\u00f4i.<\/p><p data-start=\"486\" data-end=\"792\">S\u1ee9 m\u1ec7nh c\u1ee7a ch\u00fang t\u00f4i l\u00e0 chu\u1ea9n b\u1ecb cho sinh vi\u00ean qu\u1ed1c t\u1ebf th\u00e0nh c\u00f4ng trong h\u1ecdc t\u1eadp b\u1eb1ng c\u00e1ch ph\u00e1t tri\u1ec3n ki\u1ebfn th\u1ee9c chuy\u00ean m\u00f4n, tr\u00ecnh \u0111\u1ed9 ti\u1ebfng Anh v\u00e0 s\u1ef1 hi\u1ec3u bi\u1ebft v\u1ec1 v\u0103n h\u00f3a c\u1ee7a h\u1ecd. Ch\u00fang t\u00f4i cung c\u1ea5p s\u1ef1 h\u1ed7 tr\u1ee3 ph\u00f9 h\u1ee3p m\u00e0 h\u1ecd c\u1ea7n \u0111\u1ec3 th\u00e0nh c\u00f4ng trong h\u1ecdc t\u1eadp, cu\u1ed9c s\u1ed1ng h\u00e0ng ng\u00e0y v\u00e0 s\u1ef1 nghi\u1ec7p t\u01b0\u01a1ng lai.<\/p><p>Thay m\u1eb7t \u0110\u1ea1i h\u1ecdc London Metropolitan, MHEP qu\u1ea3n l\u00fd c\u00e1c d\u1ecbch v\u1ee5 ti\u1ebfp th\u1ecb v\u00e0 gi\u1ea3i \u0111\u00e1p th\u1eafc m\u1eafc, x\u1eed l\u00fd \u0111\u01a1n \u0111\u0103ng k\u00fd v\u00e0 th\u01b0 m\u1eddi nh\u1eadp h\u1ecdc, th\u1ef1c hi\u1ec7n gi\u1ea3ng d\u1ea1y (v\u00e0 c\u00e1c c\u00f4ng vi\u1ec7c h\u00e0nh ch\u00ednh li\u00ean quan nh\u01b0 theo d\u00f5i chuy\u00ean c\u1ea7n) cho ch\u01b0\u01a1ng tr\u00ecnh D\u1ef1 b\u1ecb Qu\u1ed1c t\u1ebf, N\u0103m th\u1ee9 Nh\u1ea5t Qu\u1ed1c t\u1ebf v\u00e0 ch\u01b0\u01a1ng tr\u00ecnh Ti\u1ec1n Th\u1ea1c s\u0129, \u0111\u1ed3ng th\u1eddi thu h\u1ecdc ph\u00ed.<\/p><p>MHEP \u0111\u1ed3ng \u00fd \u0111\u1ea3m b\u1ea3o r\u1eb1ng t\u1ea5t c\u1ea3 sinh vi\u00ean c\u1ee7a Trung t\u00e2m Nghi\u00ean c\u1ee9u Qu\u1ed1c t\u1ebf \u0110\u1ea1i h\u1ecdc London Metropolitan k\u00fd h\u1ee3p \u0111\u1ed3ng sinh vi\u00ean v\u1edbi Tr\u01b0\u1eddng \u0110\u1ea1i h\u1ecdc theo quy \u0111\u1ecbnh c\u1ee7a Tr\u01b0\u1eddng \u0110\u1ea1i h\u1ecdc li\u00ean quan \u0111\u1ebfn vi\u1ec7c nh\u1eadp h\u1ecdc c\u1ee7a h\u1ecd v\u00e0o Trung t\u00e2m Nghi\u00ean c\u1ee9u Qu\u1ed1c t\u1ebf \u0110\u1ea1i h\u1ecdc London Metropolitan.<\/p><p data-start=\"1090\" data-end=\"1322\">\u0110\u1ecdc c\u1ee7a ch\u00fang t\u00f4i <a href=\"https:\/\/he.malverninternational.com\/student-information\/student-policies\/\" target=\"_blank\" rel=\"noopener\">ch\u00ednh s\u00e1ch sinh vi\u00ean<\/a>.<\/p>\t\t\t\t\t\t\t\t<\/div>\n\t\t\t\t<\/div>\n\t\t\t\t<\/div>\n\t\t\t\t\t<\/div>\n\t\t\t\t<\/div>\n\t\t<div class=\"elementor-element elementor-element-551a00cf body-stat-strip e-flex e-con-boxed translate-yes e-con e-parent\" data-id=\"551a00cf\" data-element_type=\"container\" data-e-type=\"container\">\n\t\t\t\t\t<div class=\"e-con-inner\">\n\t\t\t\t<div class=\"elementor-element elementor-element-1d97e933 section-style-black elementor-widget elementor-widget-Section settings\" data-id=\"1d97e933\" data-element_type=\"widget\" data-e-type=\"widget\" data-widget_type=\"Section settings.default\">\n\t\t\t\t<div class=\"elementor-widget-container\">\n\t\t\t\t\t\t\t\t\t\t\t<\/div>\n\t\t\t\t<\/div>\n\t\t\t\t<div class=\"elementor-element elementor-element-cd3d711 elementor-widget elementor-widget-heading\" data-id=\"cd3d711\" data-element_type=\"widget\" data-e-type=\"widget\" data-widget_type=\"heading.default\">\n\t\t\t\t<div class=\"elementor-widget-container\">\n\t\t\t\t\t<h2 class=\"elementor-heading-title elementor-size-default\">C\u00e1c gi\u00e1 tr\u1ecb c\u1ee7a ch\u00fang t\u00f4i<\/h2>\t\t\t\t<\/div>\n\t\t\t\t<\/div>\n\t\t<div class=\"elementor-element elementor-element-14718fef e-con-full e-flex translate-yes e-con e-child\" data-id=\"14718fef\" data-element_type=\"container\" data-e-type=\"container\">\n\t\t\t\t<div class=\"elementor-element elementor-element-5562051 elementor-widget__width-initial elementor-view-default elementor-position-block-start elementor-mobile-position-block-start elementor-widget elementor-widget-icon-box\" data-id=\"5562051\" data-element_type=\"widget\" data-e-type=\"widget\" data-widget_type=\"icon-box.default\">\n\t\t\t\t<div class=\"elementor-widget-container\">\n\t\t\t\t\t\t\t<div class=\"elementor-icon-box-wrapper\">\n\n\t\t\t\t\t\t<div class=\"elementor-icon-box-icon\">\n\t\t\t\t<span  class=\"elementor-icon\">\n\t\t\t\t<i aria-hidden=\"true\" class=\"micon- m-icon-fire\"><\/i>\t\t\t\t<\/span>\n\t\t\t<\/div>\n\t\t\t\n\t\t\t\t\t\t<div class=\"elementor-icon-box-content\">\n\n\t\t\t\t\t\t\t\t\t<h3 class=\"elementor-icon-box-title\">\n\t\t\t\t\t\t<span  >\n\t\t\t\t\t\t\t\u0110am m\u00ea\t\t\t\t\t\t<\/span>\n\t\t\t\t\t<\/h3>\n\t\t\t\t\n\t\t\t\t\t\t\t\t\t<p class=\"elementor-icon-box-description\">\n\t\t\t\t\t\tCh\u00fang t\u00f4i \u0111\u01b0\u1ee3c th\u00fac \u0111\u1ea9y b\u1edfi ni\u1ec1m \u0111am m\u00ea s\u00e2u s\u1eafc d\u00e0nh cho gi\u00e1o d\u1ee5c, truy\u1ec1n c\u1ea3m h\u1ee9ng cho h\u1ecdc sinh v\u00e0 \u0111\u1ed1i t\u00e1c \u0111\u1ea1t \u0111\u01b0\u1ee3c s\u1ef1 xu\u1ea5t s\u1eafc v\u00e0 th\u00e0nh c\u00f4ng.\t\t\t\t\t<\/p>\n\t\t\t\t\n\t\t\t<\/div>\n\t\t\t\n\t\t<\/div>\n\t\t\t\t\t\t<\/div>\n\t\t\t\t<\/div>\n\t\t\t\t<div class=\"elementor-element elementor-element-4eb67f7b elementor-widget__width-initial elementor-view-default elementor-position-block-start elementor-mobile-position-block-start elementor-widget elementor-widget-icon-box\" data-id=\"4eb67f7b\" data-element_type=\"widget\" data-e-type=\"widget\" data-widget_type=\"icon-box.default\">\n\t\t\t\t<div class=\"elementor-widget-container\">\n\t\t\t\t\t\t\t<div class=\"elementor-icon-box-wrapper\">\n\n\t\t\t\t\t\t<div class=\"elementor-icon-box-icon\">\n\t\t\t\t<span  class=\"elementor-icon\">\n\t\t\t\t<i aria-hidden=\"true\" class=\"micon- m-icon-award\"><\/i>\t\t\t\t<\/span>\n\t\t\t<\/div>\n\t\t\t\n\t\t\t\t\t\t<div class=\"elementor-icon-box-content\">\n\n\t\t\t\t\t\t\t\t\t<h3 class=\"elementor-icon-box-title\">\n\t\t\t\t\t\t<span  >\n\t\t\t\t\t\t\tS\u1ef1 th\u00e0nh th\u1ea1o\t\t\t\t\t\t<\/span>\n\t\t\t\t\t<\/h3>\n\t\t\t\t\n\t\t\t\t\t\t\t\t\t<p class=\"elementor-icon-box-description\">\n\t\t\t\t\t\tV\u1edbi kinh nghi\u1ec7m s\u00e2u r\u1ed9ng trong l\u0129nh v\u1ef1c gi\u00e1o d\u1ee5c qu\u1ed1c t\u1ebf, ch\u00fang t\u00f4i mang \u0111\u1ebfn s\u1ef1 h\u1ed7 tr\u1ee3 \u0111\u00e1ng tin c\u1eady, ti\u00ean ti\u1ebfn cho sinh vi\u00ean v\u00e0 \u0111\u1ed1i t\u00e1c.\t\t\t\t\t<\/p>\n\t\t\t\t\n\t\t\t<\/div>\n\t\t\t\n\t\t<\/div>\n\t\t\t\t\t\t<\/div>\n\t\t\t\t<\/div>\n\t\t\t\t<div class=\"elementor-element elementor-element-4c2420cb elementor-widget__width-initial elementor-view-default elementor-position-block-start elementor-mobile-position-block-start elementor-widget elementor-widget-icon-box\" data-id=\"4c2420cb\" data-element_type=\"widget\" data-e-type=\"widget\" data-widget_type=\"icon-box.default\">\n\t\t\t\t<div class=\"elementor-widget-container\">\n\t\t\t\t\t\t\t<div class=\"elementor-icon-box-wrapper\">\n\n\t\t\t\t\t\t<div class=\"elementor-icon-box-icon\">\n\t\t\t\t<span  class=\"elementor-icon\">\n\t\t\t\t<i aria-hidden=\"true\" class=\"micon- m-icon-lightbulb-gear\"><\/i>\t\t\t\t<\/span>\n\t\t\t<\/div>\n\t\t\t\n\t\t\t\t\t\t<div class=\"elementor-icon-box-content\">\n\n\t\t\t\t\t\t\t\t\t<h3 class=\"elementor-icon-box-title\">\n\t\t\t\t\t\t<span  >\n\t\t\t\t\t\t\tS\u00e1ng t\u1ea1o\t\t\t\t\t\t<\/span>\n\t\t\t\t\t<\/h3>\n\t\t\t\t\n\t\t\t\t\t\t\t\t\t<p class=\"elementor-icon-box-description\">\n\t\t\t\t\t\tCh\u00fang t\u00f4i \u0111\u00f3n nh\u1eadn nh\u1eefng \u00fd t\u01b0\u1edfng m\u1edbi v\u00e0 s\u1ef1 \u0111\u1ed5i m\u1edbi, ki\u1ebfn t\u1ea1o nh\u1eefng tr\u1ea3i nghi\u1ec7m h\u1ecdc t\u1eadp n\u0103ng \u0111\u1ed9ng v\u00e0 c\u00e1c gi\u1ea3i ph\u00e1p ph\u00f9 h\u1ee3p cho m\u1ed9t th\u1ebf gi\u1edbi \u0111ang thay \u0111\u1ed5i.\t\t\t\t\t<\/p>\n\t\t\t\t\n\t\t\t<\/div>\n\t\t\t\n\t\t<\/div>\n\t\t\t\t\t\t<\/div>\n\t\t\t\t<\/div>\n\t\t\t\t<div class=\"elementor-element elementor-element-3c9aedb8 elementor-widget__width-initial elementor-view-default elementor-position-block-start elementor-mobile-position-block-start elementor-widget elementor-widget-icon-box\" data-id=\"3c9aedb8\" data-element_type=\"widget\" data-e-type=\"widget\" data-widget_type=\"icon-box.default\">\n\t\t\t\t<div class=\"elementor-widget-container\">\n\t\t\t\t\t\t\t<div class=\"elementor-icon-box-wrapper\">\n\n\t\t\t\t\t\t<div class=\"elementor-icon-box-icon\">\n\t\t\t\t<span  class=\"elementor-icon\">\n\t\t\t\t<i aria-hidden=\"true\" class=\"micon- m-icon-hand-holding-seedling\"><\/i>\t\t\t\t<\/span>\n\t\t\t<\/div>\n\t\t\t\n\t\t\t\t\t\t<div class=\"elementor-icon-box-content\">\n\n\t\t\t\t\t\t\t\t\t<h3 class=\"elementor-icon-box-title\">\n\t\t\t\t\t\t<span  >\n\t\t\t\t\t\t\t\u0110\u1ed5i ti\u1ec1n\t\t\t\t\t\t<\/span>\n\t\t\t\t\t<\/h3>\n\t\t\t\t\n\t\t\t\t\t\t\t\t\t<p class=\"elementor-icon-box-description\">\n\t\t\t\t\t\tCh\u00fang t\u00f4i th\u00fac \u0111\u1ea9y nh\u1eefng thay \u0111\u1ed5i t\u00edch c\u1ef1c th\u00f4ng qua gi\u00e1o d\u1ee5c, \u0111\u1ed5i m\u1edbi v\u00e0 cam k\u1ebft t\u1ea1o ra t\u00e1c \u0111\u1ed9ng l\u00e2u d\u00e0i \u0111\u1ed1i v\u1edbi x\u00e3 h\u1ed9i v\u00e0 m\u00f4i tr\u01b0\u1eddng.\t\t\t\t\t<\/p>\n\t\t\t\t\n\t\t\t<\/div>\n\t\t\t\n\t\t<\/div>\n\t\t\t\t\t\t<\/div>\n\t\t\t\t<\/div>\n\t\t\t\t<div class=\"elementor-element elementor-element-0b81131 elementor-widget__width-initial elementor-view-default elementor-position-block-start elementor-mobile-position-block-start elementor-widget elementor-widget-icon-box\" data-id=\"0b81131\" data-element_type=\"widget\" data-e-type=\"widget\" data-widget_type=\"icon-box.default\">\n\t\t\t\t<div class=\"elementor-widget-container\">\n\t\t\t\t\t\t\t<div class=\"elementor-icon-box-wrapper\">\n\n\t\t\t\t\t\t<div class=\"elementor-icon-box-icon\">\n\t\t\t\t<span  class=\"elementor-icon\">\n\t\t\t\t<i aria-hidden=\"true\" class=\"micon- m-icon-chart-network\"><\/i>\t\t\t\t<\/span>\n\t\t\t<\/div>\n\t\t\t\n\t\t\t\t\t\t<div class=\"elementor-icon-box-content\">\n\n\t\t\t\t\t\t\t\t\t<h3 class=\"elementor-icon-box-title\">\n\t\t\t\t\t\t<span  >\n\t\t\t\t\t\t\tH\u1ee3p t\u00e1c\t\t\t\t\t\t<\/span>\n\t\t\t\t\t<\/h3>\n\t\t\t\t\n\t\t\t\t\t\t\t\t\t<p class=\"elementor-icon-box-description\">\n\t\t\t\t\t\tCh\u00fang t\u00f4i x\u00e2y d\u1ef1ng m\u1ed1i quan h\u1ec7 \u0111\u1ed1i t\u00e1c b\u1ec1n v\u1eefng v\u00e0 th\u00fac \u0111\u1ea9y tinh th\u1ea7n \u0111\u1ed3ng \u0111\u1ed9i, t\u1ea1o ra m\u1ed9t m\u00f4i tr\u01b0\u1eddng h\u1ed7 tr\u1ee3 n\u01a1i m\u1ecdi ng\u01b0\u1eddi \u0111\u1ec1u c\u00f3 th\u1ec3 ph\u00e1t tri\u1ec3n.\t\t\t\t\t<\/p>\n\t\t\t\t\n\t\t\t<\/div>\n\t\t\t\n\t\t<\/div>\n\t\t\t\t\t\t<\/div>\n\t\t\t\t<\/div>\n\t\t\t\t<\/div>\n\t\t\t\t\t<\/div>\n\t\t\t\t<\/div>\n\t\t\t\t<\/div>","protected":false},"excerpt":{"rendered":"<p>About London Metropolitan University ISC The London Metropolitan University ISC is operated by Malvern HE Partnerships, part of Malvern International. Go to Malvern HE Partnerships About London Metropolitan University Who we are We are Malvern HE partnerships (MHEP), part of Malvern International, and we partner with London Metropolitan University to provide an on-campus experience for [&hellip;]<\/p>\n","protected":false},"author":7,"featured_media":0,"parent":0,"menu_order":0,"comment_status":"closed","ping_status":"closed","template":"","meta":{"_acf_changed":false,"footnotes":""},"class_list":["post-32473","page","type-page","status-publish","hentry"],"acf":[],"yoast_head":"<!-- This site is optimized with the Yoast SEO plugin v27.5 - https:\/\/yoast.com\/product\/yoast-seo-wordpress\/ -->\n<title>Who we are | London Metropolitan University Study Centre<\/title>\n<meta name=\"description\" content=\"Operated by Malvern HE Partnerships, part of Malvern International, the London Metropolitan University ISC prepares international students for degree success in London.\" \/>\n<meta name=\"robots\" content=\"index, follow, max-snippet:-1, max-image-preview:large, max-video-preview:-1\" \/>\n<link rel=\"canonical\" href=\"https:\/\/isc.londonmet.ac.uk\/vi\/chung-ta-la-ai\/\" \/>\n<meta property=\"og:locale\" content=\"vi_VN\" \/>\n<meta property=\"og:type\" content=\"article\" \/>\n<meta property=\"og:title\" content=\"Who we are | London Metropolitan University Study Centre\" \/>\n<meta property=\"og:description\" content=\"Operated by Malvern HE Partnerships, part of Malvern International, the London Metropolitan University ISC prepares international students for degree success in London.\" \/>\n<meta property=\"og:url\" content=\"https:\/\/isc.londonmet.ac.uk\/vi\/chung-ta-la-ai\/\" \/>\n<meta property=\"og:site_name\" content=\"London Metropolitan University Study Centre\" \/>\n<meta property=\"article:modified_time\" content=\"2026-03-18T16:19:43+00:00\" \/>\n<meta property=\"og:image\" content=\"https:\/\/8d4250430138cef3ae46.b-cdn.net\/wp-content\/uploads\/sites\/21\/2026\/03\/LMU-Social-Fallback-1.png\" \/>\n\t<meta property=\"og:image:width\" content=\"1200\" \/>\n\t<meta property=\"og:image:height\" content=\"675\" \/>\n\t<meta property=\"og:image:type\" content=\"image\/png\" \/>\n<meta name=\"twitter:card\" content=\"summary_large_image\" \/>\n<meta name=\"twitter:label1\" content=\"Est. reading time\" \/>\n\t<meta name=\"twitter:data1\" content=\"2 minutes\" \/>\n<script type=\"application\/ld+json\" class=\"yoast-schema-graph\">{\"@context\":\"https:\\\/\\\/schema.org\",\"@graph\":[{\"@type\":\"WebPage\",\"@id\":\"https:\\\/\\\/isc.londonmet.ac.uk\\\/th\\\/%e0%b8%9e%e0%b8%a7%e0%b8%81%e0%b9%80%e0%b8%a3%e0%b8%b2%e0%b8%84%e0%b8%b7%e0%b8%ad%e0%b9%83%e0%b8%84%e0%b8%a3\\\/\",\"url\":\"https:\\\/\\\/isc.londonmet.ac.uk\\\/th\\\/%e0%b8%9e%e0%b8%a7%e0%b8%81%e0%b9%80%e0%b8%a3%e0%b8%b2%e0%b8%84%e0%b8%b7%e0%b8%ad%e0%b9%83%e0%b8%84%e0%b8%a3\\\/\",\"name\":\"Who we are | London Metropolitan University Study Centre\",\"isPartOf\":{\"@id\":\"https:\\\/\\\/isc.londonmet.ac.uk\\\/#website\"},\"datePublished\":\"2026-02-13T09:35:34+00:00\",\"dateModified\":\"2026-03-18T16:19:43+00:00\",\"description\":\"Operated by Malvern HE Partnerships, part of Malvern International, the London Metropolitan University ISC prepares international students for degree success in London.\",\"breadcrumb\":{\"@id\":\"https:\\\/\\\/isc.londonmet.ac.uk\\\/th\\\/%e0%b8%9e%e0%b8%a7%e0%b8%81%e0%b9%80%e0%b8%a3%e0%b8%b2%e0%b8%84%e0%b8%b7%e0%b8%ad%e0%b9%83%e0%b8%84%e0%b8%a3\\\/#breadcrumb\"},\"inLanguage\":\"vi\",\"potentialAction\":[{\"@type\":\"ReadAction\",\"target\":[\"https:\\\/\\\/isc.londonmet.ac.uk\\\/th\\\/%e0%b8%9e%e0%b8%a7%e0%b8%81%e0%b9%80%e0%b8%a3%e0%b8%b2%e0%b8%84%e0%b8%b7%e0%b8%ad%e0%b9%83%e0%b8%84%e0%b8%a3\\\/\"]}]},{\"@type\":\"BreadcrumbList\",\"@id\":\"https:\\\/\\\/isc.londonmet.ac.uk\\\/th\\\/%e0%b8%9e%e0%b8%a7%e0%b8%81%e0%b9%80%e0%b8%a3%e0%b8%b2%e0%b8%84%e0%b8%b7%e0%b8%ad%e0%b9%83%e0%b8%84%e0%b8%a3\\\/#breadcrumb\",\"itemListElement\":[{\"@type\":\"ListItem\",\"position\":1,\"name\":\"Home\",\"item\":\"https:\\\/\\\/isc.londonmet.ac.uk\\\/\"},{\"@type\":\"ListItem\",\"position\":2,\"name\":\"Who we are\"}]},{\"@type\":\"WebSite\",\"@id\":\"https:\\\/\\\/isc.londonmet.ac.uk\\\/#website\",\"url\":\"https:\\\/\\\/isc.londonmet.ac.uk\\\/\",\"name\":\"NCUK Study Centre\",\"description\":\"\",\"alternateName\":\"NCUK Study Centre\",\"potentialAction\":[{\"@type\":\"SearchAction\",\"target\":{\"@type\":\"EntryPoint\",\"urlTemplate\":\"https:\\\/\\\/isc.londonmet.ac.uk\\\/?s={search_term_string}\"},\"query-input\":{\"@type\":\"PropertyValueSpecification\",\"valueRequired\":true,\"valueName\":\"search_term_string\"}}],\"inLanguage\":\"vi\"}]}<\/script>\n<!-- \/ Yoast SEO plugin. -->","yoast_head_json":{"title":"Ch\u00fang t\u00f4i l\u00e0 ai | Trung t\u00e2m Nghi\u00ean c\u1ee9u \u0110\u1ea1i h\u1ecdc London Metropolitan","description":"\u0110\u01b0\u1ee3c \u0111i\u1ec1u h\u00e0nh b\u1edfi Malvern HE Partnerships, m\u1ed9t \u0111\u01a1n v\u1ecb tr\u1ef1c thu\u1ed9c Malvern International, Trung t\u00e2m H\u1ed7 tr\u1ee3 Sinh vi\u00ean Qu\u1ed1c t\u1ebf (ISC) c\u1ee7a \u0110\u1ea1i h\u1ecdc London Metropolitan gi\u00fap sinh vi\u00ean qu\u1ed1c t\u1ebf chu\u1ea9n b\u1ecb t\u1ed1t \u0111\u1ec3 \u0111\u1ea1t \u0111\u01b0\u1ee3c th\u00e0nh c\u00f4ng trong ch\u01b0\u01a1ng tr\u00ecnh h\u1ecdc t\u1ea1i London.","robots":{"index":"index","follow":"follow","max-snippet":"max-snippet:-1","max-image-preview":"max-image-preview:large","max-video-preview":"max-video-preview:-1"},"canonical":"https:\/\/isc.londonmet.ac.uk\/vi\/chung-ta-la-ai\/","og_locale":"vi_VN","og_type":"article","og_title":"Who we are | London Metropolitan University Study Centre","og_description":"Operated by Malvern HE Partnerships, part of Malvern International, the London Metropolitan University ISC prepares international students for degree success in London.","og_url":"https:\/\/isc.londonmet.ac.uk\/vi\/chung-ta-la-ai\/","og_site_name":"London Metropolitan University Study Centre","article_modified_time":"2026-03-18T16:19:43+00:00","og_image":[{"width":1200,"height":675,"url":"https:\/\/8d4250430138cef3ae46.b-cdn.net\/wp-content\/uploads\/sites\/21\/2026\/03\/LMU-Social-Fallback-1.png","type":"image\/png"}],"twitter_card":"summary_large_image","twitter_misc":{"Est. reading time":"2 minutes"},"schema":{"@context":"https:\/\/schema.org","@graph":[{"@type":"WebPage","@id":"https:\/\/isc.londonmet.ac.uk\/th\/%e0%b8%9e%e0%b8%a7%e0%b8%81%e0%b9%80%e0%b8%a3%e0%b8%b2%e0%b8%84%e0%b8%b7%e0%b8%ad%e0%b9%83%e0%b8%84%e0%b8%a3\/","url":"https:\/\/isc.londonmet.ac.uk\/th\/%e0%b8%9e%e0%b8%a7%e0%b8%81%e0%b9%80%e0%b8%a3%e0%b8%b2%e0%b8%84%e0%b8%b7%e0%b8%ad%e0%b9%83%e0%b8%84%e0%b8%a3\/","name":"Ch\u00fang t\u00f4i l\u00e0 ai | Trung t\u00e2m Nghi\u00ean c\u1ee9u \u0110\u1ea1i h\u1ecdc London Metropolitan","isPartOf":{"@id":"https:\/\/isc.londonmet.ac.uk\/#website"},"datePublished":"2026-02-13T09:35:34+00:00","dateModified":"2026-03-18T16:19:43+00:00","description":"\u0110\u01b0\u1ee3c \u0111i\u1ec1u h\u00e0nh b\u1edfi Malvern HE Partnerships, m\u1ed9t \u0111\u01a1n v\u1ecb tr\u1ef1c thu\u1ed9c Malvern International, Trung t\u00e2m H\u1ed7 tr\u1ee3 Sinh vi\u00ean Qu\u1ed1c t\u1ebf (ISC) c\u1ee7a \u0110\u1ea1i h\u1ecdc London Metropolitan gi\u00fap sinh vi\u00ean qu\u1ed1c t\u1ebf chu\u1ea9n b\u1ecb t\u1ed1t \u0111\u1ec3 \u0111\u1ea1t \u0111\u01b0\u1ee3c th\u00e0nh c\u00f4ng trong ch\u01b0\u01a1ng tr\u00ecnh h\u1ecdc t\u1ea1i London.","breadcrumb":{"@id":"https:\/\/isc.londonmet.ac.uk\/th\/%e0%b8%9e%e0%b8%a7%e0%b8%81%e0%b9%80%e0%b8%a3%e0%b8%b2%e0%b8%84%e0%b8%b7%e0%b8%ad%e0%b9%83%e0%b8%84%e0%b8%a3\/#breadcrumb"},"inLanguage":"vi","potentialAction":[{"@type":"ReadAction","target":["https:\/\/isc.londonmet.ac.uk\/th\/%e0%b8%9e%e0%b8%a7%e0%b8%81%e0%b9%80%e0%b8%a3%e0%b8%b2%e0%b8%84%e0%b8%b7%e0%b8%ad%e0%b9%83%e0%b8%84%e0%b8%a3\/"]}]},{"@type":"BreadcrumbList","@id":"https:\/\/isc.londonmet.ac.uk\/th\/%e0%b8%9e%e0%b8%a7%e0%b8%81%e0%b9%80%e0%b8%a3%e0%b8%b2%e0%b8%84%e0%b8%b7%e0%b8%ad%e0%b9%83%e0%b8%84%e0%b8%a3\/#breadcrumb","itemListElement":[{"@type":"ListItem","position":1,"name":"Home","item":"https:\/\/isc.londonmet.ac.uk\/"},{"@type":"ListItem","position":2,"name":"Who we are"}]},{"@type":"WebSite","@id":"https:\/\/isc.londonmet.ac.uk\/#website","url":"https:\/\/isc.londonmet.ac.uk\/","name":"Trung t\u00e2m nghi\u00ean c\u1ee9u NCUK","description":"","alternateName":"NCUK Study Centre","potentialAction":[{"@type":"SearchAction","target":{"@type":"EntryPoint","urlTemplate":"https:\/\/isc.londonmet.ac.uk\/?s={search_term_string}"},"query-input":{"@type":"PropertyValueSpecification","valueRequired":true,"valueName":"search_term_string"}}],"inLanguage":"vi"}]}},"_links":{"self":[{"href":"https:\/\/isc.londonmet.ac.uk\/vi\/wp-json\/wp\/v2\/pages\/32473","targetHints":{"allow":["GET"]}}],"collection":[{"href":"https:\/\/isc.londonmet.ac.uk\/vi\/wp-json\/wp\/v2\/pages"}],"about":[{"href":"https:\/\/isc.londonmet.ac.uk\/vi\/wp-json\/wp\/v2\/types\/page"}],"author":[{"embeddable":true,"href":"https:\/\/isc.londonmet.ac.uk\/vi\/wp-json\/wp\/v2\/users\/7"}],"replies":[{"embeddable":true,"href":"https:\/\/isc.londonmet.ac.uk\/vi\/wp-json\/wp\/v2\/comments?post=32473"}],"version-history":[{"count":93,"href":"https:\/\/isc.londonmet.ac.uk\/vi\/wp-json\/wp\/v2\/pages\/32473\/revisions"}],"predecessor-version":[{"id":45331,"href":"https:\/\/isc.londonmet.ac.uk\/vi\/wp-json\/wp\/v2\/pages\/32473\/revisions\/45331"}],"wp:attachment":[{"href":"https:\/\/isc.londonmet.ac.uk\/vi\/wp-json\/wp\/v2\/media?parent=32473"}],"curies":[{"name":"wp","href":"https:\/\/api.w.org\/{rel}","templated":true}]}}